{"id":99,"date":"2025-10-23T11:20:21","date_gmt":"2025-10-23T11:20:21","guid":{"rendered":"https:\/\/www.domainesaintantoine.be\/?page_id=99"},"modified":"2026-03-05T14:01:29","modified_gmt":"2026-03-05T13:01:29","slug":"histoire","status":"publish","type":"page","link":"https:\/\/www.domainesaintantoine.be\/?page_id=99","title":{"rendered":"Histoire du lieu"},"content":{"rendered":"\n<p class=\"has-text-align-center has-large-font-size\"><\/p>\n\n\n\n<p><strong>Le ch\u00e2teau Saint-Antoine<\/strong> est situ\u00e9 dans le village de Molenbaix, dans la province de Hainaut en Belgique. R\u00e9pertori\u00e9 au patrimoine monumental de Belgique, il date de plusieurs \u00e9poques. Sa forme actuelle remonte au XIXe si\u00e8cle. Le domaine priv\u00e9 qui l&rsquo;entoure est compos\u00e9 d&rsquo;un parc, d&rsquo;un potager, de d\u00e9pendances, d&rsquo;une tour colombier, d&rsquo;une tour circulaire ainsi que d&rsquo;un \u00e9tang.<\/p>\n\n\n\n<p style=\"text-decoration:underline\"><strong>Histoire de l&rsquo;\u00e9difice<\/strong><\/p>\n\n\n\n<p>Le ch\u00e2teau Saint-Antoine de Molenbaix a \u00e9t\u00e9 \u00e9difi\u00e9 en plusieurs \u00e9tapes. Vraisemblablement construit au XIIe si\u00e8cle, il fut remplac\u00e9 et agrandi un certain nombre de fois. Il est situ\u00e9 au milieu du village de Molenbaix, qui n&rsquo;est aujourd&rsquo;hui plus qu&rsquo;un petit village de 800 habitants situ\u00e9 \u00e0 12 km de Tournai. Sans doute qu&rsquo;\u00e0 l&rsquo;origine de ce ch\u00e2teau il n&rsquo;y avait qu&rsquo;une simple chapelle ou prieur\u00e9, d\u00e9di\u00e9 \u00e0 saint Antoine l&rsquo;ermite. Par la suite, fut construit un pavillon de chasse et la tour circulaire, ainsi que le prouve la partie droite de la construction, construits en pierre de Tournai que l&rsquo;on peut ainsi dater des ann\u00e9es 1620-1630. \u00c0 cette p\u00e9riode, la propri\u00e9t\u00e9 ne servait qu&rsquo;\u00e0 la chasse et \u00e9tait tenue par la famille de Cro\u00ff.<\/p>\n\n\n\n<p>Pass\u00e9 \u00e0 la fin du XVIIIe si\u00e8cle \u00e0 la famille Scorrion, le ch\u00e2teau actuel a \u00e9t\u00e9 construit dans les premi\u00e8res ann\u00e9es du XIXe si\u00e8cle. Le pavillon fut fortement allong\u00e9 vers la gauche, ce qui quadrupla sa surface.<\/p>\n\n\n\n<p>Le domaine \u00e9tait, \u00e0 cette \u00e9poque, totalement agricole. En 1832, le ch\u00e2teau fut achet\u00e9 par un des anc\u00eatres des actuels propri\u00e9taires.<\/p>\n\n\n\n<p>Les d\u00e9pendances de la propri\u00e9t\u00e9 datent des ann\u00e9es 1830-1840 ainsi que le pigeonnier, qui constitue encore aujourd&rsquo;hui la tour d&rsquo;entr\u00e9e. Le perron avec terrasse du ch\u00e2teau date de l&rsquo;ann\u00e9e 1927 et fut construit par l&rsquo;architecte Wilbaut, de Tournai.<\/p>\n\n\n\n<p><\/p>\n\n\n\n<figure class=\"wp-block-image size-full is-resized is-style-default\"><img loading=\"lazy\" decoding=\"async\" width=\"1020\" height=\"696\" src=\"https:\/\/www.domainesaintantoine.be\/wp-content\/uploads\/2025\/10\/A01.jpg\" alt=\"\" class=\"wp-image-100\" style=\"aspect-ratio:4\/3;object-fit:cover;width:564px;height:auto\" srcset=\"https:\/\/www.domainesaintantoine.be\/wp-content\/uploads\/2025\/10\/A01.jpg 1020w, https:\/\/www.domainesaintantoine.be\/wp-content\/uploads\/2025\/10\/A01-300x205.jpg 300w, https:\/\/www.domainesaintantoine.be\/wp-content\/uploads\/2025\/10\/A01-768x524.jpg 768w\" sizes=\"auto, (max-width: 767px) 89vw, (max-width: 1000px) 54vw, (max-width: 1071px) 543px, 580px\" \/><\/figure>\n\n\n\n<figure class=\"wp-block-image size-large is-resized is-style-default\"><img loading=\"lazy\" decoding=\"async\" width=\"1024\" height=\"768\" src=\"https:\/\/www.domainesaintantoine.be\/wp-content\/uploads\/2025\/10\/A04-1024x768.jpg\" alt=\"\" class=\"wp-image-103\" style=\"aspect-ratio:4\/3;object-fit:cover;width:544px;height:auto\" srcset=\"https:\/\/www.domainesaintantoine.be\/wp-content\/uploads\/2025\/10\/A04-1024x768.jpg 1024w, https:\/\/www.domainesaintantoine.be\/wp-content\/uploads\/2025\/10\/A04-300x225.jpg 300w, https:\/\/www.domainesaintantoine.be\/wp-content\/uploads\/2025\/10\/A04-768x576.jpg 768w, https:\/\/www.domainesaintantoine.be\/wp-content\/uploads\/2025\/10\/A04-1536x1152.jpg 1536w, https:\/\/www.domainesaintantoine.be\/wp-content\/uploads\/2025\/10\/A04.jpg 1620w\" sizes=\"auto, (max-width: 767px) 89vw, (max-width: 1000px) 54vw, (max-width: 1071px) 543px, 580px\" \/><\/figure>\n","protected":false},"excerpt":{"rendered":"<p>Le ch\u00e2teau Saint-Antoine est situ\u00e9 dans le village de Molenbaix, dans la province de Hainaut en Belgique. R\u00e9pertori\u00e9 au patrimoine monumental de Belgique, il date de plusieurs \u00e9poques. Sa forme actuelle remonte au XIXe si\u00e8cle. Le domaine priv\u00e9 qui l&rsquo;entoure est compos\u00e9 d&rsquo;un parc, d&rsquo;un potager, de d\u00e9pendances, d&rsquo;une tour colombier, d&rsquo;une tour circulaire ainsi &hellip; <\/p>\n<p class=\"link-more\"><a href=\"https:\/\/www.domainesaintantoine.be\/?page_id=99\" class=\"more-link\">Continuer la lecture<span class=\"screen-reader-text\"> de &laquo;&nbsp;Histoire du lieu&nbsp;&raquo;<\/span><\/a><\/p>\n","protected":false},"author":1,"featured_media":0,"parent":0,"menu_order":0,"comment_status":"closed","ping_status":"closed","template":"","meta":{"footnotes":""},"class_list":["post-99","page","type-page","status-publish","hentry"],"_links":{"self":[{"href":"https:\/\/www.domainesaintantoine.be\/index.php?rest_route=\/wp\/v2\/pages\/99","targetHints":{"allow":["GET"]}}],"collection":[{"href":"https:\/\/www.domainesaintantoine.be\/index.php?rest_route=\/wp\/v2\/pages"}],"about":[{"href":"https:\/\/www.domainesaintantoine.be\/index.php?rest_route=\/wp\/v2\/types\/page"}],"author":[{"embeddable":true,"href":"https:\/\/www.domainesaintantoine.be\/index.php?rest_route=\/wp\/v2\/users\/1"}],"replies":[{"embeddable":true,"href":"https:\/\/www.domainesaintantoine.be\/index.php?rest_route=%2Fwp%2Fv2%2Fcomments&post=99"}],"version-history":[{"count":13,"href":"https:\/\/www.domainesaintantoine.be\/index.php?rest_route=\/wp\/v2\/pages\/99\/revisions"}],"predecessor-version":[{"id":825,"href":"https:\/\/www.domainesaintantoine.be\/index.php?rest_route=\/wp\/v2\/pages\/99\/revisions\/825"}],"wp:attachment":[{"href":"https:\/\/www.domainesaintantoine.be\/index.php?rest_route=%2Fwp%2Fv2%2Fmedia&parent=99"}],"curies":[{"name":"wp","href":"https:\/\/api.w.org\/{rel}","templated":true}]}}