{"id":854,"date":"2026-03-10T11:42:54","date_gmt":"2026-03-10T10:42:54","guid":{"rendered":"https:\/\/www.domainesaintantoine.be\/?page_id=854"},"modified":"2026-04-07T19:59:42","modified_gmt":"2026-04-07T18:59:42","slug":"exposants-avril-2026","status":"publish","type":"page","link":"https:\/\/www.domainesaintantoine.be\/?page_id=854","title":{"rendered":"Exposants"},"content":{"rendered":"\n<p class=\"has-text-align-left has-medium-font-size\"><strong>Liste des exposants avril 2026<\/strong><\/p>\n\n\n\n<div class=\"wp-block-columns is-layout-flex wp-container-core-columns-is-layout-9d6595d7 wp-block-columns-is-layout-flex\">\n<div class=\"wp-block-column is-layout-flow wp-block-column-is-layout-flow\">\n<p class=\"has-text-color has-link-color has-small-font-size wp-elements-bf2a28c9fffdf1a8641a4c6ad547c819\" style=\"color:#0f432c\"><strong>a.Sierplant.be<\/strong><br>DEVRIESE-LUYSSEN Geert en Ingrid<br><em>Laurus nobilis-Lagerstroemia<\/em><br>B-8750 WINGENE<br>+32 498 25 84 93<br><a href=\"http:\/\/www.sierplant.be\" target=\"_blank\" rel=\"noreferrer noopener\">site<\/a><\/p>\n\n\n\n<p class=\"has-text-color has-link-color has-small-font-size wp-elements-0e356c5965db51cc88fdd60f219d6e0e\" style=\"color:#0f432c\"><strong>AATALANTA-GARDENS<\/strong><br>VANDEWALLE Elke<br><em>Vivaces &#8211; Geraniums, Asters &amp; Dahlia<\/em><br>B-9308 HOFSTADE<br>+32 472 75 12 94<br><a href=\"https:\/\/aatalanta-gardens.be\/\" target=\"_blank\" rel=\"noreferrer noopener\">site<\/a><\/p>\n\n\n\n<p class=\"has-text-color has-link-color has-small-font-size wp-elements-3b6c541246e075bc619689258496e56c\" style=\"color:#0f432c\"><strong>ALKEMADE L.T.J.<\/strong><br>ALKEMADE David<br><em>Bulbes \u00e0 fleurs<\/em><br>B-2800 MECHELEN<br>+32 495 22 79 73<br><a href=\"https:\/\/www.bulbes.net\/fr\" target=\"_blank\" rel=\"noreferrer noopener\">site<\/a><\/p>\n\n\n\n<p class=\"has-text-color has-link-color has-small-font-size wp-elements-65504c793ae2de0d0ead3c5c5a596530\" style=\"color:#0f432c\"><strong>ALMA HORTA<\/strong><br>GORISSEN Gregory<br><em>Iris Louisiana et vivaces<\/em><br>B-5555 MONCEAU-en-ARDENNE<br>+32 478 30 99 57<br><a href=\"mailto:gregorygorissen@gmail.com\" target=\"_blank\" rel=\"noreferrer noopener\">mail<\/a><\/p>\n\n\n\n<p class=\"has-text-color has-link-color has-small-font-size wp-elements-17ad7307f4c58d4e5cf06ff4158e1dfb\" style=\"color:#0f432c\"><strong>AU BIO GARDIN d&rsquo;MARIE<\/strong><br>TOLANT Christelle<br><em>Nichoirs, abreuvoirs, mangeoires pour animaux de la nature. <\/em><br><em>Semences Kokopelli&nbsp;<\/em><br>F-59840 PERENCHIES<br>+33 617 65 76 90<br><a href=\"mailto:aubiogardindmarie@gmail.com\" target=\"_blank\" rel=\"noreferrer noopener\">mail<\/a><\/p>\n\n\n\n<p class=\"has-text-color has-link-color has-small-font-size wp-elements-8b6d6ea15091850167666dd13bb41f86\" style=\"color:#0f432c\"><strong>AU JARDIN FACILE<\/strong><br>FALIL Mathias<br><em>Outillage de jardin<\/em><br>F-92200 NEUILLY sur SEINE<br>+33 612 84 84 48<br><a href=\"http:\/\/www.le-jardin-facile.com\/\" target=\"_blank\" rel=\"noreferrer noopener\">site<\/a><\/p>\n\n\n\n<p class=\"has-text-color has-link-color has-small-font-size wp-elements-e52ed274262dccc15b790d0e169fd6ff\" style=\"color:#0f432c\"><strong>CASART<\/strong><br>JAUMOTTE Aur\u00e9lie<br><em>Acier corten &#8211; \u00e9olienne &#8211; articles en fonte et acier recycl\u00e9<\/em><br>B-6540 LOBBES<br>+32 477 25 91 39<br><a href=\"https:\/\/www.instart-creations.be\/\" target=\"_blank\" rel=\"noreferrer noopener\">site<\/a><\/p>\n\n\n\n<p class=\"has-text-color has-link-color has-small-font-size wp-elements-3165215d6e5267eda340f1a360f37ea1\" style=\"color:#0f432c\"><strong>CHARLIE CHAPO<\/strong><br>JONCQUEL Delphine<br>V\u00e9ritable panama d&rsquo;\u00e9quateur et autres chapeaux <br>F-57890 PORCELETTE<br>+33 789 62 67 37<br><a href=\"https:\/\/www.facebook.com\/p\/Charlie-Chapo-61557086792212\/?locale=fr_FR\" target=\"_blank\" rel=\"noreferrer noopener\">FB<\/a><\/p>\n\n\n\n<p class=\"has-text-color has-link-color has-small-font-size wp-elements-0d87bc99aaefb66e425ea03b003aefbd\" style=\"color:#0f432c\"><strong>CHRISTIAN BERDAL<\/strong><br>Roses, aromates et am\u00e9nagement jardin  <br>B- 7911 FRASNES Lez BUISSENAL<br>+32 496 61 04 62<br><a href=\"mailto:hortichris@live.be\" data-type=\"mailto\" data-id=\"mailto:hortichris@live.be\" target=\"_blank\" rel=\"noreferrer noopener\">mail<\/a><\/p>\n\n\n\n<p class=\"has-text-color has-link-color has-small-font-size wp-elements-a7e82d797030de222e46e463051c5622\" style=\"color:#0f432c\"><strong>CORINNE LAVANDIN<\/strong><br>DEWINCKLEAR Corinne<br><em>Huile Essentielle de Lavandin produite dans le Sud de la France<\/em><br>B-1332 GENVAL<br>+32 497 82 24 69<br><a href=\"mailto:corinnedewin@gmail.com\" target=\"_blank\" rel=\"noreferrer noopener\">mail<\/a><\/p>\n\n\n\n<p class=\"has-text-color has-link-color has-small-font-size wp-elements-10b7f2ba33f43c4ac3ad554a445bc0be\" style=\"color:#0f432c\"><strong>DELABROYE<\/strong><br>DELABROYE Thierry et Sandrine<br><em>Plantes vivaces rares, exclusivit\u00e9s<\/em><br>F-59496 HANTAY<br>+33 320 49 73 98<br><a href=\"http:\/\/www.les-vivaces-de-sandrine-et-thierry.fr\" target=\"_blank\" rel=\"noreferrer noopener\">site<\/a><\/p>\n\n\n\n<p class=\"has-text-color has-link-color has-small-font-size wp-elements-17dd496f787b5f39260461cc5b4f042f\" style=\"color:#0f432c\"><strong>DE TUIN VAN DIRK GUNST<\/strong><br>GUNST Dirk<br><em>Geranium de jardin et autres vivaces <\/em><br>B-9070 DESTELBERGEN<br>+32 472 46 31 19<br><a href=\"mailto:dirk.gunst@telenet.be\" target=\"_blank\" rel=\"noreferrer noopener\">mail<\/a><\/p>\n\n\n\n<p class=\"has-text-color has-link-color has-small-font-size wp-elements-a12df1e2add4e856ade6394dea4e66af\" style=\"color:#0f432c\"><strong>EMBO TREE<\/strong><br>TOP Geert<br><em>Produits naturels\/ phytoth\u00e9rapie pour arbres. G\u00e9obiologie<\/em><br>B-8690 ALVERINGEM<br>+32 475 28 47 74<br><a href=\"https:\/\/www.embo-tree.eu\/\" target=\"_blank\" rel=\"noreferrer noopener\">site<\/a>     <a href=\"https:\/\/www.instagram.com\/healthyclouds_happytrees\/\" data-type=\"link\" data-id=\"https:\/\/www.instagram.com\/healthyclouds_happytrees\/\" target=\"_blank\" rel=\"noreferrer noopener\">Instagram<\/a><\/p>\n\n\n\n<p class=\"has-text-color has-link-color has-small-font-size wp-elements-436f8af29715f6227fff9cf3e827fb80\" style=\"color:#0f432c\"><strong>ESSAIME-ARTOMATE<\/strong><br>PILLOIS Jean-PIerre<br><em>Plants de vari\u00e9t\u00e9s anciennes de tomates, <\/em><br><em>poivrons, piments, aubergines et courgettes<\/em><br>B-5020 MALONNE<br>+32 474 44 20 59<br><a href=\"http:\/\/www.essaime-artomate.be\" target=\"_blank\" rel=\"noreferrer noopener\">site<\/a><\/p>\n\n\n\n<p class=\"has-text-color has-link-color has-small-font-size wp-elements-e49a59c1e08e76a9aae771c0a996e9b4\" style=\"color:#0f432c\"><strong>FLORENCE DE LA PESCHARDIERE CREATION<\/strong><br>DE LA PESCHARDIERE Florence<br><em>Bijoux faits mains avec des mati\u00e8res min\u00e9rales, animales et v\u00e9g\u00e9tales<\/em><br>F-76940 VATTEVILLE la RUE<br>+ 33 620 51 35 69<br><a href=\"https:\/\/fdelapeschardiere.com\/\" target=\"_blank\" rel=\"noreferrer noopener\">site<\/a><\/p>\n\n\n\n<p class=\"has-text-color has-link-color has-small-font-size wp-elements-f7c67e0ee4578cefdc800d14fa0f6646\" style=\"color:#0f432c\"><strong>HAPPY GARDEN<\/strong><br>WINDELS Guy<br><em>Iris, Hosta, Pivoine, H\u00e9m\u00e9rocalle<\/em><br>B-9800 DEINZE<br>+32 477 84 47 62<br><a href=\"http:\/\/www.happygarden.tk\" target=\"_blank\" rel=\"noreferrer noopener\">site<\/a><\/p>\n\n\n\n<p class=\"has-text-color has-link-color has-small-font-size wp-elements-edea27c4f2ae51a235f34e24bdb8d71b\" style=\"color:#0f432c\"><strong>HELIX ATELIER<\/strong><br>CARDIN Hombeline<br><em>Vannerie osier -paille<\/em><br>F-62170 MARLES sur CANCHE<br>+33 667 81 10 66<br><a href=\"http:\/\/www.helixatelier.com\" target=\"_blank\" rel=\"noreferrer noopener\">site<\/a><\/p>\n\n\n\n<p class=\"has-text-color has-link-color has-small-font-size wp-elements-1f99610664688ef1b75551bbff66eb79\" style=\"color:#0f432c\"><strong>HENK-JAN HEIDEBOER<\/strong><br>VAN BEEK Henk<br><em>Bruy\u00e8re, Erica et Calluna, Wisteria, Taxodium, Metasequoia, &#8230;<\/em><br>B-2990 LOENHOUT<br>+32 476 90 86 77<br><a href=\"http:\/\/www.henkjanheideboer.be\" target=\"_blank\" rel=\"noreferrer noopener\">site<\/a><\/p>\n\n\n\n<p class=\"has-text-color has-link-color has-small-font-size wp-elements-13f37df7cfd75a3fdb7eaac778075c9b\" style=\"color:#0f432c\"><strong>HORTENSI ARTOIS<\/strong><br>DIEVAL And\u00e9<br><em>Hydrangea, Hortensias<\/em><br>F-62144 VILLERS AU BOIS<br>+33 680 46 41 50<br><a href=\"mailto:hortensiartois@orange.fr\" target=\"_blank\" rel=\"noreferrer noopener\">mail<\/a><\/p>\n\n\n\n<p class=\"has-text-color has-link-color has-small-font-size wp-elements-d0a9d0539ad2eb9b5e73ad0cef25f864\" style=\"color:#0f432c\"><strong>HOSTA HOFJE<\/strong><br>MARIEN Hans<br><em>Hosta<\/em><br>B-9200 DENDERMONDE<br>+32 476 97 10 89<br><a href=\"mailto:hans_marien@hotmail.com\" target=\"_blank\" rel=\"noreferrer noopener\">mail<\/a><\/p>\n\n\n\n<p class=\"has-text-color has-link-color has-small-font-size wp-elements-451dedc407a865d580d0d1f52501b641\" style=\"color:#0f432c\"><strong>JARDINS&nbsp; D&rsquo;EXCEPTION<\/strong><br>CZAJCZYK Olivier<br><em>Plantes vivaces insolites<\/em><br>F-62220 CARVIN<br>+33&nbsp; 609 30 04 75<br><a href=\"mailto:jardinsdexception@gmail.com\" target=\"_blank\" rel=\"noreferrer noopener\">mail<\/a><\/p>\n\n\n\n<p class=\"has-text-color has-link-color has-small-font-size wp-elements-d929478d2b1f088e758774a50aec6cac\" style=\"color:#0f432c\"><strong>JARDIN de TOUT VENT<\/strong><br>ETIENNE Marc<br><em>Plantes m\u00e9connues ou d&rsquo;attrait particulier<\/em><br>B-1325 CHAUMONT-GISTOUX<br>+32 10 68 08 14<br><a href=\"mailto:jardin.tout.vent@gmail.com\" target=\"_blank\" rel=\"noreferrer noopener\">mail<\/a><\/p>\n\n\n\n<p class=\"has-text-color has-link-color has-small-font-size wp-elements-b32b8c09eb3465c7fdb0236a6eebade0\" style=\"color:#0f432c\"><strong>JARDINS PASSIONS<\/strong><br>VELU Rodolphe<br><em>Association<\/em><br>F-59850 NIEPPE<br>+33 637 08 65 22<br><a href=\"http:\/\/jardinspassions.fr\" data-type=\"link\" data-id=\"jardinspassions.fr\" target=\"_blank\" rel=\"noreferrer noopener\">site<\/a><\/p>\n\n\n\n<p class=\"has-text-color has-link-color has-small-font-size wp-elements-5a1a73f4ff30d6334a05d847fb2036cd\" style=\"color:#0f432c\"><\/p>\n\n\n\n<p class=\"has-text-color has-link-color has-small-font-size wp-elements-745122dec7acb7c587dadd59dbae92c3\" style=\"color:#0f432c\"><strong>JER\u00d4ME AU FIL DE L&rsquo;EAU<\/strong><br>LEGRAND J\u00e9r\u00f4me<br><em>Plantes aquatiques, plantes de terre fra\u00eeche et \u00e0 feuillages color\u00e9s<\/em><br>F-62770 FILLIEVRES<br>+33 652 65 17 62<br><a href=\"http:\/\/www.planteaquatique.com\" data-type=\"link\" data-id=\"www.planteaquatique.com\" target=\"_blank\" rel=\"noreferrer noopener\">site<\/a><br><br><strong>LA CURIOSITE FLEURIE<\/strong><br>FAIGNARD Delphine<br><em>Plantes annuelles \/ Plantes vivaces\/ Plants de l\u00e9gumes<\/em><br>B-7830 GRATY<br>+32 497 46 18 89<br><a href=\"mailto:lacuriositefleurie@gmail.com\" target=\"_blank\" rel=\"noreferrer noopener\">mail<\/a><\/p>\n\n\n\n<p class=\"has-text-color has-link-color has-small-font-size wp-elements-d0159e0e30203264e713328ac7ae06a3\" style=\"color:#0f432c\"><strong>LA PEPINIERE de JULES<\/strong><br>HOLVOET Jules<br><em>Orchid\u00e9es de jardin, bulbes rares, vivaces<\/em><br>F-59700 MARCQ en BAROEUL<br>+33 641 86 12 94<br><a href=\"mailto:lapepinieredejules@gmail.com\" target=\"_blank\" rel=\"noreferrer noopener\">mail<\/a><\/p>\n\n\n\n<p class=\"has-text-color has-link-color has-small-font-size wp-elements-6c34c1303972d8223c8de453717b680d\" style=\"color:#0f432c\"><strong>LA PROCURE<\/strong><br>DENONNE Caroline<br><em>Librairie<\/em><br>B-7500 TOURNAI<br>+32 69 23 59 70<br><a href=\"http:\/\/www.laprocure-tournai.com\" target=\"_blank\" rel=\"noreferrer noopener\">site<\/a><\/p>\n\n\n\n<p class=\"has-text-color has-link-color has-small-font-size wp-elements-761e5e781c138eb3881cb8ae88c06e82\" style=\"color:#0f432c\"><strong>LE MARRONNIER <\/strong><br>GUEMAPPE J.P.<br><em>Iris &#8211; Tall Bearded &#8211; Iris Spurias<\/em><br>F-62128 GUEMAPPE<br>+ 33 361 33 72 30<br><a href=\"mailto:irisguemappe@gmail.com\" target=\"_blank\" rel=\"noreferrer noopener\">mail<\/a><\/p>\n\n\n\n<p class=\"has-text-color has-link-color has-small-font-size wp-elements-16c655e3c255c0860308c7fda78ce524\" style=\"color:#0f432c\"><strong>LENS ROSES&nbsp; bvba<\/strong><br>VELLE Rudy<br><em>Roses<\/em><br>B-8460 OUDENBURG<br>+32 59 26 78 30<br><a href=\"https:\/\/www.lens-roses.com\/fr_FR\" target=\"_blank\" rel=\"noreferrer noopener\">site<\/a><\/p>\n\n\n\n<p class=\"has-text-color has-link-color has-small-font-size wp-elements-901d180b6fab92ac5eac1368179c5251\" style=\"color:#0f432c\"><strong>LES BOUGIES DE CAROLE<\/strong><br>LEBEAU Carole<br><em>Fabrication de bougies v\u00e9g\u00e9tales<\/em><br>F-59800 LILLE<br>+33 678 85 13 47<br><a href=\"http:\/\/lesbougiesdecarole.com\" data-type=\"link\" data-id=\"lesbougiesdecarole.com\" target=\"_blank\" rel=\"noreferrer noopener\">site<\/a><\/p>\n<\/div>\n\n\n\n<div class=\"wp-block-column is-layout-flow wp-block-column-is-layout-flow\">\n<p class=\"has-text-color has-link-color has-small-font-size wp-elements-0c76e29a81a75ac0e2ef727cbbb8b42d\" style=\"color:#0f432c\"><strong>LES CACTUS de MATHILDE<\/strong><br>FEYS Mathilde<br><em>Cact\u00e9es et Succulentes rustiques<\/em><br>F-59700 MARCQ en BAROEUL<br>+33 641 86 12 94<br><a href=\"mailto:feysmathilde@outlook.com\" target=\"_blank\" rel=\"noreferrer noopener\">mail<\/a><\/p>\n\n\n\n<p class=\"has-small-font-size\"><strong>LES MERVEILLES DE MELODIE<\/strong><br>PINGEOT M\u00e9lodie<br><em>D\u00e9coration en vitrail Tiffany<\/em><br>B-5002 NAMUR<br>+33 769 67 55 53<br><a href=\"http:\/\/www.lesmerveillesdemelodie.com\" data-type=\"link\" data-id=\"www.lesmerveillesdemelodie.com\">site<\/a><\/p>\n\n\n\n<p class=\"has-text-color has-link-color has-small-font-size wp-elements-4345910b720588abbede787ae12cf8f7\" style=\"color:#0f432c\"><strong>LES PLANTES RENIER<\/strong><br>RENIER Marie-Ange<br><em>Aromates &#8211; m\u00e9dicinales et autres<\/em><br>B-4353 DONCEEL<br>+32 495 22 62 92<br><a href=\"mailto:aromates.renier@live.be\" target=\"_blank\" rel=\"noreferrer noopener\">mail<\/a><\/p>\n\n\n\n<p class=\"has-text-color has-link-color has-small-font-size wp-elements-7b67bd23a2db1e6f56dff256927ef5ea\" style=\"color:#0f432c\"><strong>OYAS BELGIQUE<\/strong><br>FOSSET Marie<br><em>Poterie d&rsquo;arrosage Oyas\u00ae pour jardin et plantes d&rsquo;int\u00e9rieur<\/em><br>B-1170 WATERMAEL-BOITSFORT<br>+32 472 26 10 83<br><a href=\"http:\/\/www.oyas-belgique.be\" target=\"_blank\" rel=\"noreferrer noopener\">site<\/a><br><br><strong>PASTEC LIGHTING<\/strong><br>MARTIN Robert<br><em>Lampes nomades autonomes<\/em><br>B-1570 Pajottegem<br>+32 499 75 06 03<br><a href=\"http:\/\/www.pastec-lighting.be\" target=\"_blank\" rel=\"noreferrer noopener\">site<\/a><br><\/p>\n\n\n\n<p class=\"has-text-color has-link-color has-small-font-size wp-elements-9343809d2587d09997d590e958d33d4e\" style=\"color:#0f432c\"><strong>PEPINIERE BONNIVERS &#8211; VENT VAL<\/strong><br>BONNIVERS Bruno<br><em>Arbres et arbustes<\/em><br>B-4537 CHAPON &#8211; SERAING<br>+32 474 70 42 78<br><a href=\"http:\/\/WWW.pepiniereduventval.be\" target=\"_blank\" rel=\"noreferrer noopener\">site<\/a><\/p>\n\n\n\n<p class=\"has-text-color has-link-color has-small-font-size wp-elements-9b480c233c4703e6d1f6fc72ea701719\" style=\"color:#0f432c\"><strong>PEPINIERE BRUNO PARTERRE<\/strong><br>STEGEN Bruno<br><em>Rosiers anglais, anciens et grimpants<\/em><br>B-4684 HACCOURT<br>+32 474 72 03 80<br><a href=\"http:\/\/www.brunoparterre.be\" target=\"_blank\" rel=\"noreferrer noopener\">site<\/a><br><\/p>\n\n\n\n<p class=\"has-text-color has-link-color has-small-font-size wp-elements-68acd38fbf995cd19faf637fe18243d5\" style=\"color:#0f432c\"><strong>PEPINIERE CAMBIUM<\/strong><br>LEFEBVRE Pierre<br><em>Arbres et arbustes de collection<\/em><br>F-59184 SAINGHIN en WEPPES<br>+33 632 62 38 06<br><a href=\"http:\/\/www.pepinierecambium.com\" target=\"_blank\" rel=\"noreferrer noopener\">site<\/a><\/p>\n\n\n\n<p class=\"has-text-color has-link-color has-small-font-size wp-elements-6504113a3474f8dbeccdaca43ef73c7c\" style=\"color:#0f432c\"><strong>PEPINIERE CASSANO<\/strong><br>ANCKAERT Bernard<br><em>Arbres et arbustes rares<\/em><br>B-9660 BRAKEL<br>+32 484 59 98 15<br><a href=\"https:\/\/www.arbo-cassano.com\/\" target=\"_blank\" rel=\"noreferrer noopener\">site<\/a><\/p>\n\n\n\n<p class=\"has-text-color has-link-color has-small-font-size wp-elements-275f7625c69b76d272e78017f8de5de9\" style=\"color:#0f432c\"><strong>PEPINIERE CHOTEAU<\/strong><br>CHOTEAU Alexandre<br><em>Acers, cornus, magnolia, arbustes rares, poteries, lanternes, pagodes, bassins<\/em><br>B-7130 BRAY<br>+32 477 90 70 42<br><a href=\"http:\/\/www.pepinieres-choteau.com\" target=\"_blank\" rel=\"noreferrer noopener\">site<\/a><\/p>\n\n\n\n<p class=\"has-text-color has-link-color has-small-font-size wp-elements-acf43749e6cceddda9dc3c6afaa1650e\" style=\"color:#0f432c\"><strong>PEPINIERE DU VENT VAL &amp; BONNIVERS<\/strong><br>DARDENNE Etienne<br><em>Arbres et arbustes singulier<\/em>s<br>B-7070 GOTTIGNIES<br>+32 471 31 59 13<br><a href=\"http:\/\/WWW.pepiniereduventval.be\" target=\"_blank\" rel=\"noreferrer noopener\">site<\/a><\/p>\n\n\n\n<p class=\"has-text-color has-link-color has-small-font-size wp-elements-c0b5245b844e019482f8ee959c22d93f\" style=\"color:#0f432c\"><strong>PEPINIERE J.P. HENNEBELLE<\/strong><br>HENNEBELLE Nicolas et Jean-Loup, Hugo Guillain<br><em>Arbres et arbustes, \u00e9corces d\u00e9coratives, feuillages et floraisons remarquables<\/em><br>F-62270 BOUBERS-S-CANCHE<br>+33 633 58 52 76<br><a href=\"http:\/\/www.hennebelle.com\" target=\"_blank\" rel=\"noreferrer noopener\">site<\/a><\/p>\n\n\n\n<p class=\"has-text-color has-link-color has-small-font-size wp-elements-1674cc6d7ef0549564955c96b3654270\" style=\"color:#0f432c\"><strong>PEPINIERE Philippe LECLERCQ<\/strong><br>LECLERCQ Philippe<br>Arbres et arbustes de collection<br>F-62138 BILLY-BERCLAU<br>+33&nbsp; 609 94 91 58<br><a href=\"mailto:isabelleberclau@hotmail.fr\" data-type=\"mailto\" data-id=\"mailto:isabelleberclau@hotmail.fr\">mail<\/a><\/p>\n\n\n\n<p class=\"has-text-color has-link-color has-small-font-size wp-elements-dc279bd28169dd6e22969e63b33980a9\" style=\"color:#0f432c\"><strong>PEPINIERE Jean-Pierre MISSON<\/strong><br>MISSON Jean-Pierre<br><em>Conif\u00e9res rares, de rocaille et ginkgo biloba<\/em><br>B-5336 COURRIERES<br>+32 493 21 77 30<br><a href=\"mailto:misson.jean-pierre@outlook.be\" target=\"_blank\" rel=\"noreferrer noopener\">mail<\/a><\/p>\n\n\n\n<p class=\"has-text-color has-link-color has-small-font-size wp-elements-9fe21cb9a724f43d06679ecc1d8b24d6\" style=\"color:#0f432c\"><strong>PEPINIERE WAUTHIER<\/strong><br>WAUTHIER Serge<br><em>Rhododendrons et azal\u00e9es<\/em><br>B-1490 COURT St ETIENNE<br>+32 479 56 02 21<br><a href=\"http:\/\/www.rhododendronwauthier.be\" target=\"_blank\" rel=\"noreferrer noopener\">site<\/a><\/p>\n\n\n\n<p class=\"has-small-font-size\"><strong>PEPINIERES DAMIEN DEVOS BV<\/strong><br>DEVOS Damien<br><em>Arbres et arbustes rares et de collection: Acer, Cornus, Magnolia, &#8230;<\/em><br>B-8570 ANZEGEM<br>+32 475 31 03 62<br><a href=\"http:\/\/www.damiendevos.be\" target=\"_blank\" rel=\"noreferrer noopener\">site<\/a> <\/p>\n\n\n\n<p class=\"has-text-color has-link-color has-small-font-size wp-elements-6ab162ca32ee456e493ff260312451ab\" style=\"color:#0f432c\"><strong>PHILOSOPHICA BOTANICA<\/strong><br>FAUCONNIER Eric<br><em>Plantes botaniques rares, Plantes indig\u00e8nes<\/em><br>B-7903 CHAPELLE \u00e0 OIE<br>+32 473 65 30 24<br><a href=\"mailto:philosophica.botanica@gmail.com\" target=\"_blank\" rel=\"noreferrer noopener\">mail<\/a><\/p>\n\n\n\n<p class=\"has-text-color has-link-color has-small-font-size wp-elements-a8d2faeec5d7e57e9ac56ca42feb88e3\" style=\"color:#0f432c\"><strong>PLANTE ta CARNIVORE<\/strong><br>BORIN Yohan<br><em>Plantes carnivores<\/em><br>B-7370 ELOUGES<br>+32 498 35 44 55<br><a href=\"http:\/\/www.facebook.com\/plantetacarnivore\" target=\"_blank\" rel=\"noreferrer noopener\">FB<\/a><\/p>\n\n\n\n<p class=\"has-text-color has-link-color has-small-font-size wp-elements-7d6f9083e049455728bcfe036d384a6e\" style=\"color:#0f432c\"><strong>PLANTERIJ &lsquo;GROENSTRAAT 13&rsquo;<\/strong><br>STORME Rik<br><em>Plantes vivaces rares et mellif\u00e8res, foug\u00e8res<\/em><br>B-9810 NAZARETH<br>+32 9 385 67 99<br><a href=\"https:\/\/groenstraat13.be\/\" target=\"_blank\" rel=\"noreferrer noopener\">site<\/a><\/p>\n\n\n\n<p class=\"has-text-color has-link-color has-small-font-size wp-elements-b5d2876cf8ee080985e13a5a76ffb918\" style=\"color:#0f432c\"><strong>POMKO<\/strong><br>DEWULF Paul-Emile<br><em>Arbres fruitiers &#8211; Gardiens patrimoine fruitier &#8211; Greffeur<\/em><br>B-8560 WEVELGEM<br>+32 496 38 97 22<br><a href=\"http:\/\/www.pomko.be\" target=\"_blank\" rel=\"noreferrer noopener\">site<\/a><\/p>\n\n\n\n<p class=\"has-text-color has-link-color has-small-font-size wp-elements-0bdb5c04c30c714583df8a9d551c2cbe\" style=\"color:#0f432c\"><strong>P&rsquo;TITS FRUITS D&rsquo;ICI<\/strong><br>MENET Edouard<br><em>Plants de petits fruitiers<\/em><br>B-7141 CARNIERES<br>+32 472 25 08 38<br><a href=\"http:\/\/Www.Petitsfruits.be\" target=\"_blank\" rel=\"noreferrer noopener\">site<\/a><\/p>\n\n\n\n<p class=\"has-text-color has-link-color has-small-font-size wp-elements-36f7db171c0fc6a9a1a4fa75d138fda5\" style=\"color:#0f432c\"><strong>RE MARCQ\u2019ARBRES<\/strong><br>ROGEAU Laure &amp; Samuel<br>A<em>rbres et arbustes d\u2019exception &#8211; <\/em><br><em>culture air-pot &#8211; greffeur<\/em><br>F-59700 MACQ en BAROEUL<br>+33 670 17 14 85<br><a href=\"mailto:remarcqarbres@gmail.com\" target=\"_blank\" rel=\"noreferrer noopener\">mail<\/a><\/p>\n\n\n\n<p class=\"has-text-color has-link-color has-small-font-size wp-elements-85b4f8e23c5faa7fa445aa65b78d141b\" style=\"color:#0f432c\"><strong>SALVIA&rsquo;S Jan De Busschere<\/strong><br>DE BUSSCHERE Jan<br><em>Salvia<\/em><br>B-8310 BRUGGE<br>+32 474 26 82 82<br><a href=\"http:\/\/www.salvias.be\" target=\"_blank\" rel=\"noreferrer noopener\">site<\/a><\/p>\n\n\n\n<p class=\"has-text-color has-link-color has-small-font-size wp-elements-44f0c2e775fb0a7411759ec4284a625a\" style=\"color:#0f432c\"><strong>SANEN<\/strong><br>SANEN Sven<br><em>Plantes grimpantes, plantes vivaces, iris<\/em><br>B-2430 LAAKDAL<br>+32 477 20 51 37<br><a href=\"mailto:sven.sanen@skynet.be\" target=\"_blank\" rel=\"noreferrer noopener\">mail<\/a><\/p>\n\n\n\n<p class=\"has-text-color has-link-color has-small-font-size wp-elements-a5a5b8de7ac4cd2bb281b72be9d8fb9a\" style=\"color:#0f432c\"><strong>LE DOMAINE DE THESY<\/strong><br>THYSEBAERT Damien<br><em>Produits en laine alpaga<\/em> et alpagas<br>B-1473 GLABAIS<br>+32 499 37 96 33<br><a href=\"https:\/\/www.thesy.eu\/thesy\" target=\"_blank\" rel=\"noreferrer noopener\">site<\/a><\/p>\n\n\n\n<p class=\"has-text-color has-link-color has-small-font-size wp-elements-135afec597d4ee0589f26c16360a25e5\" style=\"color:#0f432c\"><strong>TRAITEUR CLAUDE POHLIG<\/strong><br>POHLIG Claude<br><em>Cuisine du jardin<\/em><br>B-1325 CHAUMONT-GISTOUX<br>+32 475 51 31 96<br><a href=\"http:\/\/www.cuisine-potager.be\" target=\"_blank\" rel=\"noreferrer noopener\">site<\/a><\/p>\n\n\n\n<p class=\"has-text-color has-link-color has-small-font-size wp-elements-ca98a033c8b90e01acf8049558e4637f\" style=\"color:#0f432c\"><strong>UN JARDIN EN NORD<\/strong><br>VAUQUELIN H\u00e9l\u00e8ne<br><em>Objets et outils de jardin utiles et d\u00e9coratifs &#8211; d\u00e9coration de jardin et am\u00e9nagement&nbsp;<\/em><br>F-62120 AIRE SUR LA LYS<br>+33 643 96 42 01<br><a href=\"http:\/\/www.un-jardin-en-nord.fr\" target=\"_blank\" rel=\"noreferrer noopener\">site<\/a><\/p>\n\n\n\n<p class=\"has-text-color has-link-color has-small-font-size wp-elements-6894c9e887bd38474b1edf238191404a\" style=\"color:#0f432c\"><strong>VANDEREYT Gerard<\/strong><br>VANDEREYT Gerard<br><em>Rhodo et Azal\u00e9es caducs<\/em><br>B-3550 HEUSDEN ZOLDER<br>+32 479 78 10 34<br><a href=\"mailto:vandereyt.gerard@telenet.be\" target=\"_blank\" rel=\"noreferrer noopener\">mail<\/a><\/p>\n\n\n\n<p class=\"has-text-color has-link-color has-small-font-size wp-elements-2cc1eacedf2d2d7254348809f455981e\" style=\"color:#0f432c\"><strong>WALLO GREEN<\/strong><br>STAQUET Ronny<br><em>Plantes comestibles &#8211; Arbres fruitiers<\/em><br>B-6220 FLEURUS<br>+32 491 91 05 05<br><a href=\"http:\/\/www.Wallo.green\" target=\"_blank\" rel=\"noreferrer noopener\">site<\/a><br><br><br><br><br><\/p>\n<\/div>\n<\/div>\n\n\n\n<p><\/p>\n","protected":false},"excerpt":{"rendered":"<p>Liste des exposants avril 2026 a.Sierplant.beDEVRIESE-LUYSSEN Geert en IngridLaurus nobilis-LagerstroemiaB-8750 WINGENE+32 498 25 84 93site AATALANTA-GARDENSVANDEWALLE ElkeVivaces &#8211; Geraniums, Asters &amp; DahliaB-9308 HOFSTADE+32 472 75 12 94site ALKEMADE L.T.J.ALKEMADE DavidBulbes \u00e0 fleursB-2800 MECHELEN+32 495 22 79 73site ALMA HORTAGORISSEN GregoryIris Louisiana et vivacesB-5555 MONCEAU-en-ARDENNE+32 478 30 99 57mail AU BIO GARDIN d&rsquo;MARIETOLANT ChristelleNichoirs, abreuvoirs, mangeoires &hellip; <\/p>\n<p class=\"link-more\"><a href=\"https:\/\/www.domainesaintantoine.be\/?page_id=854\" class=\"more-link\">Continuer la lecture<span class=\"screen-reader-text\"> de &laquo;&nbsp;Exposants&nbsp;&raquo;<\/span><\/a><\/p>\n","protected":false},"author":1,"featured_media":0,"parent":0,"menu_order":0,"comment_status":"closed","ping_status":"closed","template":"","meta":{"footnotes":""},"class_list":["post-854","page","type-page","status-publish","hentry"],"_links":{"self":[{"href":"https:\/\/www.domainesaintantoine.be\/index.php?rest_route=\/wp\/v2\/pages\/854","targetHints":{"allow":["GET"]}}],"collection":[{"href":"https:\/\/www.domainesaintantoine.be\/index.php?rest_route=\/wp\/v2\/pages"}],"about":[{"href":"https:\/\/www.domainesaintantoine.be\/index.php?rest_route=\/wp\/v2\/types\/page"}],"author":[{"embeddable":true,"href":"https:\/\/www.domainesaintantoine.be\/index.php?rest_route=\/wp\/v2\/users\/1"}],"replies":[{"embeddable":true,"href":"https:\/\/www.domainesaintantoine.be\/index.php?rest_route=%2Fwp%2Fv2%2Fcomments&post=854"}],"version-history":[{"count":25,"href":"https:\/\/www.domainesaintantoine.be\/index.php?rest_route=\/wp\/v2\/pages\/854\/revisions"}],"predecessor-version":[{"id":993,"href":"https:\/\/www.domainesaintantoine.be\/index.php?rest_route=\/wp\/v2\/pages\/854\/revisions\/993"}],"wp:attachment":[{"href":"https:\/\/www.domainesaintantoine.be\/index.php?rest_route=%2Fwp%2Fv2%2Fmedia&parent=854"}],"curies":[{"name":"wp","href":"https:\/\/api.w.org\/{rel}","templated":true}]}}