{"id":59,"date":"2025-10-20T16:18:36","date_gmt":"2025-10-20T16:18:36","guid":{"rendered":"https:\/\/www.domainesaintantoine.be\/?page_id=59"},"modified":"2026-03-17T10:45:54","modified_gmt":"2026-03-17T09:45:54","slug":"liste-exposants","status":"publish","type":"page","link":"https:\/\/www.domainesaintantoine.be\/?page_id=59","title":{"rendered":"Exposants Candidature"},"content":{"rendered":"\n<p class=\"has-text-align-center has-text-color has-link-color wp-elements-5b3073482cf2c08cd234b905ad4c84ee\" style=\"color:#1d3a1d\">Pour toute candidature pour exposer les 18-19 avril 2026 et\/ou 19-20 septembre 2026, veuillez envoyer un mail \u00e0 contact@domainesaintantoine.be<\/p>\n\n\n\n<p class=\"has-text-align-center has-text-color has-link-color wp-elements-2ccac488bab0d246b79138adecd13039\" style=\"color:#1d3a1d\">Merci \u00e0 ceux qui se sont d\u00e9j\u00e0 engag\u00e9s pour 2026 !!!!    Au plaisir.<\/p>\n\n\n\n<div class=\"wp-block-buttons is-content-justification-center is-layout-flex wp-container-core-buttons-is-layout-16018d1d wp-block-buttons-is-layout-flex\">\n<div class=\"wp-block-button is-style-outline is-style-outline--1\"><a class=\"wp-block-button__link wp-element-button\" href=\"https:\/\/www.domainesaintantoine.be\/?page_id=240\">Demande de participation<\/a><\/div>\n<\/div>\n\n\n\n<p class=\"has-text-align-center has-text-color has-link-color wp-elements-161060e1e2f1c22d145959b8b9df0451\" style=\"color:#1d3a1d\"> <\/p>\n\n\n\n<figure class=\"wp-block-image size-large\"><img loading=\"lazy\" decoding=\"async\" width=\"1024\" height=\"389\" src=\"https:\/\/www.domainesaintantoine.be\/wp-content\/uploads\/2026\/02\/013-1024x389.jpg\" alt=\"\" class=\"wp-image-572\" srcset=\"https:\/\/www.domainesaintantoine.be\/wp-content\/uploads\/2026\/02\/013-1024x389.jpg 1024w, https:\/\/www.domainesaintantoine.be\/wp-content\/uploads\/2026\/02\/013-300x114.jpg 300w, https:\/\/www.domainesaintantoine.be\/wp-content\/uploads\/2026\/02\/013-768x292.jpg 768w, https:\/\/www.domainesaintantoine.be\/wp-content\/uploads\/2026\/02\/013-1536x584.jpg 1536w, https:\/\/www.domainesaintantoine.be\/wp-content\/uploads\/2026\/02\/013-2048x779.jpg 2048w\" sizes=\"auto, (max-width: 767px) 89vw, (max-width: 1000px) 54vw, (max-width: 1071px) 543px, 580px\" \/><\/figure>\n\n\n\n<p><\/p>\n","protected":false},"excerpt":{"rendered":"<p>Pour toute candidature pour exposer les 18-19 avril 2026 et\/ou 19-20 septembre 2026, veuillez envoyer un mail \u00e0 contact@domainesaintantoine.be Merci \u00e0 ceux qui se sont d\u00e9j\u00e0 engag\u00e9s pour 2026 !!!! Au plaisir.<\/p>\n","protected":false},"author":1,"featured_media":0,"parent":0,"menu_order":0,"comment_status":"closed","ping_status":"closed","template":"","meta":{"footnotes":""},"class_list":["post-59","page","type-page","status-publish","hentry"],"_links":{"self":[{"href":"https:\/\/www.domainesaintantoine.be\/index.php?rest_route=\/wp\/v2\/pages\/59","targetHints":{"allow":["GET"]}}],"collection":[{"href":"https:\/\/www.domainesaintantoine.be\/index.php?rest_route=\/wp\/v2\/pages"}],"about":[{"href":"https:\/\/www.domainesaintantoine.be\/index.php?rest_route=\/wp\/v2\/types\/page"}],"author":[{"embeddable":true,"href":"https:\/\/www.domainesaintantoine.be\/index.php?rest_route=\/wp\/v2\/users\/1"}],"replies":[{"embeddable":true,"href":"https:\/\/www.domainesaintantoine.be\/index.php?rest_route=%2Fwp%2Fv2%2Fcomments&post=59"}],"version-history":[{"count":34,"href":"https:\/\/www.domainesaintantoine.be\/index.php?rest_route=\/wp\/v2\/pages\/59\/revisions"}],"predecessor-version":[{"id":902,"href":"https:\/\/www.domainesaintantoine.be\/index.php?rest_route=\/wp\/v2\/pages\/59\/revisions\/902"}],"wp:attachment":[{"href":"https:\/\/www.domainesaintantoine.be\/index.php?rest_route=%2Fwp%2Fv2%2Fmedia&parent=59"}],"curies":[{"name":"wp","href":"https:\/\/api.w.org\/{rel}","templated":true}]}}