{"id":556,"date":"2026-02-05T17:30:31","date_gmt":"2026-02-05T16:30:31","guid":{"rendered":"https:\/\/www.domainesaintantoine.be\/?page_id=556"},"modified":"2026-02-05T17:40:34","modified_gmt":"2026-02-05T16:40:34","slug":"politique-de-confidentialite","status":"publish","type":"page","link":"https:\/\/www.domainesaintantoine.be\/?page_id=556","title":{"rendered":"Politique de confidentialit\u00e9"},"content":{"rendered":"\n<p><\/p>\n\n\n\n<p>Notre politique de confidentialit\u00e9<br>Nous nous engageons \u00e0 prot\u00e9ger et respecter votre vie priv\u00e9e. Cette politique explique comment nous collectons, utilisons, divulguons et prot\u00e9geons vos informations personnelles conform\u00e9ment au RGPD.<\/p>\n\n\n\n<p>Collecte des informations<br>Nous collectons des informations personnelles lorsque vous utilisez notre site. Les informations collect\u00e9es peuvent inclure votre nom, votre adresse e-mail et d&rsquo;autres informations que vous choisissez de nous fournir.<\/p>\n\n\n\n<p>Utilisation des informations<br>Nous utilisons les informations que nous collectons pour comprendre vos besoins et vous fournir un meilleur service. Nous pouvons \u00e9galement utiliser vos informations pour vous contacter concernant des offres sp\u00e9ciales, de nouveaux services ou d&rsquo;autres informations susceptibles de vous int\u00e9resser.<\/p>\n\n\n\n<p>Divulgation des informations<br>Nous ne vendons, n&rsquo;\u00e9changeons ni ne transf\u00e9rons vos informations personnelles \u00e0 des tiers sans votre consentement, sauf si cela est n\u00e9cessaire pour r\u00e9pondre \u00e0 une demande que vous avez soumise.<\/p>\n\n\n\n<p>Protection des informations<br>Nous mettons en \u0153uvre des mesures de s\u00e9curit\u00e9 pour prot\u00e9ger vos informations personnelles contre tout acc\u00e8s non autoris\u00e9 ou toute divulgation. Cependant, aucune m\u00e9thode de transmission sur Internet, ni aucune m\u00e9thode de stockage \u00e9lectronique, n&rsquo;est totalement s\u00e9curis\u00e9e. Par cons\u00e9quent, bien que nous nous efforcions de prot\u00e9ger vos informations personnelles, nous ne pouvons garantir leur s\u00e9curit\u00e9 absolue.<\/p>\n\n\n\n<p>Vos droits<br>Conform\u00e9ment au RGPD, vous avez le droit d&rsquo;acc\u00e9der \u00e0 vos informations personnelles, de les rectifier, de les supprimer, de restreindre leur traitement, de vous opposer \u00e0 leur traitement et \u00e0 la portabilit\u00e9 des donn\u00e9es. Pour exercer ces droits, veuillez nous contacter.<\/p>\n\n\n\n<p>Modifications de notre politique de confidentialit\u00e9<br>Nous pouvons mettre \u00e0 jour notre politique de confidentialit\u00e9 de temps \u00e0 autre. Toute modification sera publi\u00e9e sur cette page.<\/p>\n\n\n\n<p>Contactez-nous pour toute question concernant notre politique de confidentialit\u00e9.<\/p>\n","protected":false},"excerpt":{"rendered":"<p>Notre politique de confidentialit\u00e9Nous nous engageons \u00e0 prot\u00e9ger et respecter votre vie priv\u00e9e. Cette politique explique comment nous collectons, utilisons, divulguons et prot\u00e9geons vos informations personnelles conform\u00e9ment au RGPD. Collecte des informationsNous collectons des informations personnelles lorsque vous utilisez notre site. Les informations collect\u00e9es peuvent inclure votre nom, votre adresse e-mail et d&rsquo;autres informations que &hellip; <\/p>\n<p class=\"link-more\"><a href=\"https:\/\/www.domainesaintantoine.be\/?page_id=556\" class=\"more-link\">Continuer la lecture<span class=\"screen-reader-text\"> de &laquo;&nbsp;Politique de confidentialit\u00e9&nbsp;&raquo;<\/span><\/a><\/p>\n","protected":false},"author":1,"featured_media":0,"parent":0,"menu_order":10,"comment_status":"closed","ping_status":"closed","template":"","meta":{"footnotes":""},"class_list":["post-556","page","type-page","status-publish","hentry"],"_links":{"self":[{"href":"https:\/\/www.domainesaintantoine.be\/index.php?rest_route=\/wp\/v2\/pages\/556","targetHints":{"allow":["GET"]}}],"collection":[{"href":"https:\/\/www.domainesaintantoine.be\/index.php?rest_route=\/wp\/v2\/pages"}],"about":[{"href":"https:\/\/www.domainesaintantoine.be\/index.php?rest_route=\/wp\/v2\/types\/page"}],"author":[{"embeddable":true,"href":"https:\/\/www.domainesaintantoine.be\/index.php?rest_route=\/wp\/v2\/users\/1"}],"replies":[{"embeddable":true,"href":"https:\/\/www.domainesaintantoine.be\/index.php?rest_route=%2Fwp%2Fv2%2Fcomments&post=556"}],"version-history":[{"count":1,"href":"https:\/\/www.domainesaintantoine.be\/index.php?rest_route=\/wp\/v2\/pages\/556\/revisions"}],"predecessor-version":[{"id":557,"href":"https:\/\/www.domainesaintantoine.be\/index.php?rest_route=\/wp\/v2\/pages\/556\/revisions\/557"}],"wp:attachment":[{"href":"https:\/\/www.domainesaintantoine.be\/index.php?rest_route=%2Fwp%2Fv2%2Fmedia&parent=556"}],"curies":[{"name":"wp","href":"https:\/\/api.w.org\/{rel}","templated":true}]}}