{"id":129,"date":"2025-10-23T15:39:50","date_gmt":"2025-10-23T15:39:50","guid":{"rendered":"https:\/\/www.domainesaintantoine.be\/?page_id=129"},"modified":"2026-04-21T10:37:00","modified_gmt":"2026-04-21T09:37:00","slug":"accueil","status":"publish","type":"page","link":"https:\/\/www.domainesaintantoine.be\/","title":{"rendered":"Accueil"},"content":{"rendered":"\n<h1 class=\"wp-block-heading has-text-align-center has-text-color has-link-color wp-elements-688688136e540a86b70e7c98bce2b4d7\" style=\"color:#1d3a1d\"><\/h1>\n\n\n\n<p class=\"has-text-align-left has-text-color has-link-color wp-elements-8fb2922c8d81bf9532fa48d8c67e4c79\" style=\"color:#1d3a1d\">Apr\u00e8s 77 \u00e9ditions, un <strong>NOUVEAU<\/strong> jardin s\u2019est ouvert pour accueillir la\u00a0<strong>FETE des PLANTES<\/strong>, rares et de collection, de <em><strong>la feuillerie<\/strong><\/em>.<br>Celle-ci s&rsquo;organise d\u00e9sormais les <strong>3\u00e8me W-E d&rsquo;avril et de septembre<\/strong> au <br>CH\u00c2TEAU SAINT-ANTOINE \u00e0 Molenbaix (Celles), \u00e0 3 km \u00e0 peine du jardin de <em>la feuillerie<\/em>. <br>La prochaine \u00e9dition aura lieu le <strong>19 et 20 septembre 2026 de 10h \u00e0 18h<\/strong>.<\/p>\n\n\n\n<p class=\"has-text-align-left has-text-color has-link-color wp-elements-7195f7fc7186260a91b484a0552d2498\" style=\"color:#1d3a1d\">Un rendez-vous incontournable pour tous les amoureux, collectionneurs et amateurs de plantes et du jardin. Adeptes des bourses aux plantes, festivals du jardin, ventes expositions ou foire aux plantes vous serez combl\u00e9s. Parmi les p\u00e9pini\u00e9ristes producteurs sp\u00e9cialis\u00e9s et artisans du monde v\u00e9g\u00e9tal vous trouverez \u00e9galement des artisans de la d\u00e9coration et de l\u2019outillage du jardin .<\/p>\n\n\n\n<p class=\"has-text-align-left has-text-color has-link-color wp-elements-76ef5e0e6603f717621c18c0e688b210\" style=\"color:#1d3a1d\">Au plaisir de se croiser \u00e0 ce rendez-vous incontournable d\u00e9di\u00e9 aux plantes, \u00e0 la biodiversit\u00e9 et au jardin pour profiter de ces diff\u00e9rents partages afin de r\u00e9colter de bons souvenirs.<\/p>\n\n\n\n<figure class=\"wp-block-gallery aligncenter has-nested-images columns-default is-cropped wp-block-gallery-1 is-layout-flex wp-block-gallery-is-layout-flex\">\n<figure class=\"wp-block-image size-large is-style-rounded\"><img loading=\"lazy\" decoding=\"async\" width=\"1024\" height=\"683\" data-id=\"1156\" src=\"https:\/\/www.domainesaintantoine.be\/wp-content\/uploads\/2026\/04\/2026041804-R-1024x683.jpg\" alt=\"\" class=\"wp-image-1156\" style=\"aspect-ratio:3\/2\" srcset=\"https:\/\/www.domainesaintantoine.be\/wp-content\/uploads\/2026\/04\/2026041804-R-1024x683.jpg 1024w, https:\/\/www.domainesaintantoine.be\/wp-content\/uploads\/2026\/04\/2026041804-R-300x200.jpg 300w, https:\/\/www.domainesaintantoine.be\/wp-content\/uploads\/2026\/04\/2026041804-R-768x512.jpg 768w, https:\/\/www.domainesaintantoine.be\/wp-content\/uploads\/2026\/04\/2026041804-R-1536x1024.jpg 1536w, https:\/\/www.domainesaintantoine.be\/wp-content\/uploads\/2026\/04\/2026041804-R.jpg 1920w\" sizes=\"auto, (max-width: 767px) 89vw, (max-width: 1000px) 54vw, (max-width: 1071px) 543px, 580px\" \/><\/figure>\n<\/figure>\n\n\n\n<p class=\"has-text-align-center\"><em>Site web en \u00e9volution, les semis d&rsquo;infos poussent au fil des jours suivant la m\u00e9t\u00e9o. De nouvelles greffes sont en pr\u00e9paration. <\/em><\/p>\n","protected":false},"excerpt":{"rendered":"<p>Apr\u00e8s 77 \u00e9ditions, un NOUVEAU jardin s\u2019est ouvert pour accueillir la\u00a0FETE des PLANTES, rares et de collection, de la feuillerie.Celle-ci s&rsquo;organise d\u00e9sormais les 3\u00e8me W-E d&rsquo;avril et de septembre au CH\u00c2TEAU SAINT-ANTOINE \u00e0 Molenbaix (Celles), \u00e0 3 km \u00e0 peine du jardin de la feuillerie. La prochaine \u00e9dition aura lieu le 19 et 20 septembre &hellip; <\/p>\n<p class=\"link-more\"><a href=\"https:\/\/www.domainesaintantoine.be\/\" class=\"more-link\">Continuer la lecture<span class=\"screen-reader-text\"> de &laquo;&nbsp;Accueil&nbsp;&raquo;<\/span><\/a><\/p>\n","protected":false},"author":1,"featured_media":0,"parent":0,"menu_order":0,"comment_status":"closed","ping_status":"closed","template":"","meta":{"footnotes":""},"class_list":["post-129","page","type-page","status-publish","hentry"],"_links":{"self":[{"href":"https:\/\/www.domainesaintantoine.be\/index.php?rest_route=\/wp\/v2\/pages\/129","targetHints":{"allow":["GET"]}}],"collection":[{"href":"https:\/\/www.domainesaintantoine.be\/index.php?rest_route=\/wp\/v2\/pages"}],"about":[{"href":"https:\/\/www.domainesaintantoine.be\/index.php?rest_route=\/wp\/v2\/types\/page"}],"author":[{"embeddable":true,"href":"https:\/\/www.domainesaintantoine.be\/index.php?rest_route=\/wp\/v2\/users\/1"}],"replies":[{"embeddable":true,"href":"https:\/\/www.domainesaintantoine.be\/index.php?rest_route=%2Fwp%2Fv2%2Fcomments&post=129"}],"version-history":[{"count":62,"href":"https:\/\/www.domainesaintantoine.be\/index.php?rest_route=\/wp\/v2\/pages\/129\/revisions"}],"predecessor-version":[{"id":1159,"href":"https:\/\/www.domainesaintantoine.be\/index.php?rest_route=\/wp\/v2\/pages\/129\/revisions\/1159"}],"wp:attachment":[{"href":"https:\/\/www.domainesaintantoine.be\/index.php?rest_route=%2Fwp%2Fv2%2Fmedia&parent=129"}],"curies":[{"name":"wp","href":"https:\/\/api.w.org\/{rel}","templated":true}]}}